{"id":44,"date":"2010-09-10T09:16:51","date_gmt":"2010-09-10T09:16:51","guid":{"rendered":"http:\/\/tadept01.meertens.knaw.nl\/?page_id=44"},"modified":"2018-07-31T11:09:47","modified_gmt":"2018-07-31T09:09:47","slug":"courses","status":"publish","type":"page","link":"https:\/\/gabmap.let.rug.nl\/?page_id=44","title":{"rendered":"Events"},"content":{"rendered":"<div class=\"gabmap\">\n<h2>Upcoming<\/h2>\n<dl>\n<dt>Martijn Wieling, Voronovo, Moscow, Russia, September 10-14, 2018<\/dt>\n<dd>Summer School on Areal Linguistics and Languages of Russia<\/dd>\n<\/dl>\n<h2>Past events<\/h2>\n<dl>\n<dt>Therese Leinonen, Gothenburg, October 14, 2014<\/dt>\n<dd>Lingvistikseminarium: Dialektometriska metoder<\/dd>\n<dt>Therese Leinonen &amp; Wilbert Heeringa, Groningen, August 12, 2014<\/dt>\n<dd><a href=\"http:\/\/methodsxv.webhosting.rug.nl\/abstracts\/All\/Gabmap.pdf\">Gabmap tutorial<\/a>, Methods in Dialectology XV<\/dd>\n<dt>John Nerbonne &amp; \u00c7a\u011fr\u0131 \u00c7\u00f6ltekin, Leuven, September 20, 2012<\/dt>\n<dd>Gabmap tutorial, Digital Humanities summer school<\/dd>\n<dt>Therese Leinonen, Helsinki, November 23 and 25, 2011<\/dt>\n<dd>Workshop: Dialektgeografiska kartor i Gabmap<\/dd>\n<dt>John Nerbonne, Gothenburg, October 26, 2011<\/dt>\n<dd>Gabmap-tutorial, in connection with workshop on comparing approaches to measuring linguistic differences<\/dd>\n<dt>John Nerbonne, Martijn Wieling &amp; Wilbert Heeringa, London, Ontario, August 2\u20136, 2011<\/dt>\n<dd>Workshop: Gabmap \u2014 A web application for measuring and visualizing distances between language varieties, Methods in Dialectology XIV<\/dd>\n<dt>Peter Kleiweg &amp; Therese Leinonen, Freiburg, June 30, 2011<\/dt>\n<dd>Poster at ICLaVE<\/dd>\n<dt>John Nerbonne, Digital Humanities, Stanford, June 19, 2011<\/dt>\n<dd><a href=\"https:\/\/dh2011.stanford.edu\/?page_id=521\">Tutorial 5: Gabmap: A Web Application for Analyzing Linguistic Variation<\/a><\/dd>\n<dt>Therese Leinonen, Universit\u00e4t Potsdam, December 7, 2010<\/dt>\n<dd>Gabmap tutorial<\/dd>\n<dt>Therese Leinonen, Helsinki, December 1, 2010<\/dt>\n<dd>Gabmap presentation at the computer department at The Research Institute for the Languages of Finland, Helsinki<\/dd>\n<dt>Therese Leinonen, Helsinki, November 30, 2010<\/dt>\n<dd>Gabmap presentation for researchers at the Dialect dictionary of Finnish dialects and Dictionary of Swedish dialects in Finland, The Research Institute for the Languages of Finland<\/dd>\n<dt>Therese Leinonen, Tv\u00e4rminne, Finland, November 26\u201327, 2010<\/dt>\n<dd>F\u00f6reningen f\u00f6r nordisk filologis h\u00f6stsymposium: Nya perspektiv p\u00e5 dialekter<\/dd>\n<dt>Therese Leinonen, Erlangen, October 15, 2010<\/dt>\n<dd>Gabmap tutorial at <a href=\"http:\/\/www.sprachwissenschaft.uni-erlangen.de\/tagung-forum-sprachvariation-2010\/programm.shtml\">Tagung des Forums Sprachvariation<\/a><\/dd>\n<dt>Wilbert Heeringa, Vrije Universiteit, September 29, 2010<\/dt>\n<dd>Gabmap used in the course <em>Inleiding taalvariatie \u2014 Haagse Harrie, Mehmet Pamuk en hun kornuiten<\/em><\/dd>\n<dt>Therese Leinonen, Uppsala, August 20, 2010<\/dt>\n<dd>Nordic Congress of Dialectologists<\/dd>\n<\/dl>\n<\/div>\n","protected":false},"excerpt":{"rendered":"<p>Upcoming Martijn Wieling, Voronovo, Moscow, Russia, September 10-14, 2018 Summer School on Areal Linguistics and Languages of Russia Past events Therese Leinonen, Gothenburg, October 14, 2014 Lingvistikseminarium: Dialektometriska metoder Therese Leinonen &amp; Wilbert Heeringa, Groningen, August 12, 2014 Gabmap tutorial, &hellip; <a href=\"https:\/\/gabmap.let.rug.nl\/?page_id=44\">Continue reading <span class=\"meta-nav\">&rarr;<\/span><\/a><\/p>\n","protected":false},"author":1,"featured_media":0,"parent":0,"menu_order":6,"comment_status":"closed","ping_status":"closed","template":"onecolumn-page.php","meta":{"footnotes":""},"class_list":["post-44","page","type-page","status-publish","hentry"],"_links":{"self":[{"href":"https:\/\/gabmap.let.rug.nl\/index.php?rest_route=\/wp\/v2\/pages\/44","targetHints":{"allow":["GET"]}}],"collection":[{"href":"https:\/\/gabmap.let.rug.nl\/index.php?rest_route=\/wp\/v2\/pages"}],"about":[{"href":"https:\/\/gabmap.let.rug.nl\/index.php?rest_route=\/wp\/v2\/types\/page"}],"author":[{"embeddable":true,"href":"https:\/\/gabmap.let.rug.nl\/index.php?rest_route=\/wp\/v2\/users\/1"}],"replies":[{"embeddable":true,"href":"https:\/\/gabmap.let.rug.nl\/index.php?rest_route=%2Fwp%2Fv2%2Fcomments&post=44"}],"version-history":[{"count":7,"href":"https:\/\/gabmap.let.rug.nl\/index.php?rest_route=\/wp\/v2\/pages\/44\/revisions"}],"predecessor-version":[{"id":486,"href":"https:\/\/gabmap.let.rug.nl\/index.php?rest_route=\/wp\/v2\/pages\/44\/revisions\/486"}],"wp:attachment":[{"href":"https:\/\/gabmap.let.rug.nl\/index.php?rest_route=%2Fwp%2Fv2%2Fmedia&parent=44"}],"curies":[{"name":"wp","href":"https:\/\/api.w.org\/{rel}","templated":true}]}}