{"id":20,"date":"2010-08-18T10:05:22","date_gmt":"2010-08-18T10:05:22","guid":{"rendered":"http:\/\/tadept01.meertens.knaw.nl\/?page_id=20"},"modified":"2021-05-19T19:22:21","modified_gmt":"2021-05-19T17:22:21","slug":"publications","status":"publish","type":"page","link":"https:\/\/gabmap.let.rug.nl\/?page_id=20","title":{"rendered":"Publications"},"content":{"rendered":"<p>John Nerbonne, Rinke Colen, Charlotte Gooskens, Peter Kleiweg, and Therese Leinonen (2011). <a href=\"https:\/\/pdfs.semanticscholar.org\/b4f8\/2c72975bd2a79fc2d6cec2671fb9f86c67a6.pdf\" target=\"_blank\" rel=\"noopener\">Gabmap \u2014 A Web Application for Dialectology<\/a>. <em>Dialectologia<\/em> Special Issue II, 65-89.<\/p>\n<p>Therese Leinonen, \u00c7agri \u00c7\u00f6ltekin, and John Nerbonne (2016). <a href=\"http:\/\/dx.doi.org\/10.1016\/j.lingua.2015.02.004\" target=\"_blank\" rel=\"noopener\">Using Gabmap<\/a>. <em>Lingua<\/em> 178, 71-83.<\/p>\n<p><em><strong>Publications of other researchers regarding Gabmap:<\/strong><\/em><\/p>\n<p>Snoek, Conor (2014). <a href=\"https:\/\/scholarspace.manoa.hawaii.edu\/bitstream\/10125\/24602\/snoek.pdf\" target=\"_blank\" rel=\"noopener\">Review of Gabmap: doing dialect analysis on the web<\/a>. <em>Language documentation &amp; conservation <\/em>8, 192-208.<\/p>\n<p>Guylaine Brun-Trigaud, Albert Malfatto, &amp; Maguelone Sauzet (2017). <a href=\"https:\/\/gabmap.let.rug.nl\/wp-content\/uploads\/2021\/05\/Brun-Trigaud_Malfatto_SauzetTAP.pdf\" target=\"_blank\" rel=\"noopener\">Essaie des aires lexicales occitanes: regards dialectometriques<\/a>. In: Jena-Fran\u00e7ois Courouau (ed.) Actes du XIIe congr\u00e8s de l&#8217;Association Internationale d&#8217;\u00c9tudes Occitanes, 169-179.<\/p>\n","protected":false},"excerpt":{"rendered":"<p>John Nerbonne, Rinke Colen, Charlotte Gooskens, Peter Kleiweg, and Therese Leinonen (2011). Gabmap \u2014 A Web Application for Dialectology. Dialectologia Special Issue II, 65-89. Therese Leinonen, \u00c7agri \u00c7\u00f6ltekin, and John Nerbonne (2016). Using Gabmap. Lingua 178, 71-83. Publications of other &hellip; <a href=\"https:\/\/gabmap.let.rug.nl\/?page_id=20\">Continue reading <span class=\"meta-nav\">&rarr;<\/span><\/a><\/p>\n","protected":false},"author":1,"featured_media":0,"parent":12,"menu_order":2,"comment_status":"closed","ping_status":"closed","template":"onecolumn-page.php","meta":{"footnotes":""},"class_list":["post-20","page","type-page","status-publish","hentry"],"_links":{"self":[{"href":"https:\/\/gabmap.let.rug.nl\/index.php?rest_route=\/wp\/v2\/pages\/20","targetHints":{"allow":["GET"]}}],"collection":[{"href":"https:\/\/gabmap.let.rug.nl\/index.php?rest_route=\/wp\/v2\/pages"}],"about":[{"href":"https:\/\/gabmap.let.rug.nl\/index.php?rest_route=\/wp\/v2\/types\/page"}],"author":[{"embeddable":true,"href":"https:\/\/gabmap.let.rug.nl\/index.php?rest_route=\/wp\/v2\/users\/1"}],"replies":[{"embeddable":true,"href":"https:\/\/gabmap.let.rug.nl\/index.php?rest_route=%2Fwp%2Fv2%2Fcomments&post=20"}],"version-history":[{"count":8,"href":"https:\/\/gabmap.let.rug.nl\/index.php?rest_route=\/wp\/v2\/pages\/20\/revisions"}],"predecessor-version":[{"id":530,"href":"https:\/\/gabmap.let.rug.nl\/index.php?rest_route=\/wp\/v2\/pages\/20\/revisions\/530"}],"up":[{"embeddable":true,"href":"https:\/\/gabmap.let.rug.nl\/index.php?rest_route=\/wp\/v2\/pages\/12"}],"wp:attachment":[{"href":"https:\/\/gabmap.let.rug.nl\/index.php?rest_route=%2Fwp%2Fv2%2Fmedia&parent=20"}],"curies":[{"name":"wp","href":"https:\/\/api.w.org\/{rel}","templated":true}]}}