{"id":18,"date":"2010-08-18T10:04:23","date_gmt":"2010-08-18T10:04:23","guid":{"rendered":"http:\/\/tadept01.meertens.knaw.nl\/?page_id=18"},"modified":"2021-02-25T10:33:23","modified_gmt":"2021-02-25T08:33:23","slug":"about-2","status":"publish","type":"page","link":"https:\/\/gabmap.let.rug.nl\/?page_id=18","title":{"rendered":"About"},"content":{"rendered":"<div class=\"gabmap\">\n<h2>About Gabmap<\/h2>\n<p>Gabmap is a free web-based application for dialectometry. Gabmap source code can be downloaded from <a href=\"https:\/\/github.com\/coltekin\/Gabmap\" target=\"_blank\" rel=\"noopener\">Github<\/a>. Gabmap was built upon\u00a0<a href=\"http:\/\/www.let.rug.nl\/~kleiweg\/L04\/\" target=\"_blank\" rel=\"noopener\">RuG\/L04<\/a>.<\/p>\n<\/div>\n<div class=\"gabmap\">\n<h2>Contact info<\/h2>\n<p>General info: <a href=\"mailto:m.b.wieling@rug.nl\" target=\"_blank\" rel=\"noopener\">m.b.wieling@rug.nl<\/a><br \/>\nTechnical support: <a href=\"mailto:m.b.wieling@rug.nl\" target=\"_blank\" rel=\"noopener\">m.b.wieling@rug.nl<\/a><\/p>\n<\/div>\n<div class=\"gabmap\">\n<h2>Developers<\/h2>\n<p>Gabmap is currently maintained by <a href=\"http:\/\/www.martijnwieling.nl\" target=\"_blank\" rel=\"noopener\">Martijn Wieling<\/a>.<br \/>\nMajor contributors include Peter Kleiweg (original implementation), Therese Leinonen (user documentation), <a href=\"http:\/\/coltekin.net\/cagri\" target=\"_blank\" rel=\"noopener\">\u00c7a\u011fr\u0131 \u00c7\u00f6ltekin<\/a>, Max Sondag (mosaic maps and voronoi treempas), Charlotte Gooskens, Rinke Colen, and <a href=\"https:\/\/www.let.rug.nl\/nerbonne\/\" target=\"_blank\" rel=\"noopener\">John Nerbonne<\/a>.<\/p>\n<p>With the help of feedback from early Gabmap users.<\/p>\n<\/div>\n<div class=\"gabmap\">\n<h2>How to cite<\/h2>\n<ul>\n<li>John Nerbonne, Rinke Colen, Charlotte Gooskens, Peter Kleiweg, and Therese Leinonen (2011). <a href=\"https:\/\/pdfs.semanticscholar.org\/b4f8\/2c72975bd2a79fc2d6cec2671fb9f86c67a6.pdf\" target=\"_blank\" rel=\"noopener\">Gabmap \u2014 A Web Application for Dialectology<\/a>.\u00a0<em>Dialectologia,\u00a0<\/em>Special Issue II, 65-89.<\/li>\n<li>Therese Leinonen, \u00c7a\u011fr\u0131 \u00c7\u00f6ltekin and John Nerbonne (2016) <a href=\"http:\/\/doi.org\/10.1016\/j.lingua.2015.02.004\" target=\"_blank\" rel=\"noopener\">Using Gabmap<\/a>. <em>Lingua<\/em>, 178:71\u201383<\/li>\n<\/ul>\n<\/div>\n<div class=\"gabmap\">\n<h2>Credits<\/h2>\n<p>Gabmap was initially developed by a team at <a href=\"http:\/\/www.rug.nl\/let\/informatiekunde\" target=\"_blank\" rel=\"noopener\">Information Science<\/a> at the University of Groningen, supported by a grant from the <a href=\"https:\/\/www.clarin.eu\/\" target=\"_blank\" rel=\"noopener\">CLARIN-NL<\/a> program to the <a href=\"http:\/\/www.let.rug.nl\/alfa\/adept\/\" target=\"_blank\" rel=\"noopener\">ADEPT<\/a> project, which aimed at assaying dialect differences, in particular applying edit-distance to pronunciation transcriptions. Development continues.<\/p>\n<p>Until 2020 Gabmap was graciously hosted by the <a href=\"https:\/\/www.meertens.knaw.nl\/\">KNAW Meertens Instituut<\/a>. As of 2021, Gabmap is hosted by the University of Groningen.<\/p>\n<p>The silhouettes in the banner on this site come from an image by Kirsty Pargeter, released under Creative Commons.<\/p>\n<\/div>\n","protected":false},"excerpt":{"rendered":"<p>About Gabmap Gabmap is a free web-based application for dialectometry. Gabmap source code can be downloaded from Github. Gabmap was built upon\u00a0RuG\/L04. Contact info General info: m.b.wieling@rug.nl Technical support: m.b.wieling@rug.nl Developers Gabmap is currently maintained by Martijn Wieling. Major contributors &hellip; <a href=\"https:\/\/gabmap.let.rug.nl\/?page_id=18\">Continue reading <span class=\"meta-nav\">&rarr;<\/span><\/a><\/p>\n","protected":false},"author":1,"featured_media":0,"parent":0,"menu_order":7,"comment_status":"closed","ping_status":"closed","template":"onecolumn-page.php","meta":{"footnotes":""},"class_list":["post-18","page","type-page","status-publish","hentry"],"_links":{"self":[{"href":"https:\/\/gabmap.let.rug.nl\/index.php?rest_route=\/wp\/v2\/pages\/18","targetHints":{"allow":["GET"]}}],"collection":[{"href":"https:\/\/gabmap.let.rug.nl\/index.php?rest_route=\/wp\/v2\/pages"}],"about":[{"href":"https:\/\/gabmap.let.rug.nl\/index.php?rest_route=\/wp\/v2\/types\/page"}],"author":[{"embeddable":true,"href":"https:\/\/gabmap.let.rug.nl\/index.php?rest_route=\/wp\/v2\/users\/1"}],"replies":[{"embeddable":true,"href":"https:\/\/gabmap.let.rug.nl\/index.php?rest_route=%2Fwp%2Fv2%2Fcomments&post=18"}],"version-history":[{"count":8,"href":"https:\/\/gabmap.let.rug.nl\/index.php?rest_route=\/wp\/v2\/pages\/18\/revisions"}],"predecessor-version":[{"id":523,"href":"https:\/\/gabmap.let.rug.nl\/index.php?rest_route=\/wp\/v2\/pages\/18\/revisions\/523"}],"wp:attachment":[{"href":"https:\/\/gabmap.let.rug.nl\/index.php?rest_route=%2Fwp%2Fv2%2Fmedia&parent=18"}],"curies":[{"name":"wp","href":"https:\/\/api.w.org\/{rel}","templated":true}]}}